{"id":10818,"date":"2024-03-24T18:04:20","date_gmt":"2024-03-24T18:04:20","guid":{"rendered":"https:\/\/www.sarkanyanita.hu\/uj\/esemenyek\/"},"modified":"2024-04-22T12:14:37","modified_gmt":"2024-04-22T12:14:37","slug":"esemenyek","status":"publish","type":"page","link":"https:\/\/staging.anitasarkany.com\/hu\/esemenyek\/","title":{"rendered":"Esem\u00e9nyek"},"content":{"rendered":"\t\t<div data-elementor-type=\"wp-page\" data-elementor-id=\"10818\" class=\"elementor elementor-10818 elementor-10340\" data-elementor-post-type=\"page\">\n\t\t\t\t\t\t<section class=\"elementor-section elementor-top-section elementor-element elementor-element-763395a elementor-section-boxed elementor-section-height-default elementor-section-height-default\" data-id=\"763395a\" data-element_type=\"section\" data-e-type=\"section\">\n\t\t\t\t\t\t<div class=\"elementor-container elementor-column-gap-wider\">\n\t\t\t\t\t<div class=\"elementor-column elementor-col-100 elementor-top-column elementor-element elementor-element-1a9057c\" data-id=\"1a9057c\" data-element_type=\"column\" data-e-type=\"column\">\n\t\t\t<div class=\"elementor-widget-wrap elementor-element-populated\">\n\t\t\t\t\t\t<div class=\"elementor-element elementor-element-85039bd preserve-img-ratio-cover elementor-widget elementor-widget-the7_elements\" data-id=\"85039bd\" data-element_type=\"widget\" data-e-type=\"widget\" data-settings=\"{&quot;widget_columns_wide_desktop_breakpoint&quot;:1600}\" data-widget_type=\"the7_elements.default\">\n\t\t\t\t<div class=\"elementor-widget-container\">\n\t\t\t\t\t<div class=\"portfolio-shortcode the7-elementor-widget the7_elements-85039bd mode-grid dt-css-grid-wrap bottom-overlap-layout-list description-under-image meta-info-off content-bg-on resize-by-browser-width loading-effect-fade-in\" data-padding=\"60px\" data-mobile-columns-num=\"1\" data-tablet-columns-num=\"2\" data-desktop-columns-num=\"2\" data-wide-desktop-columns-num=\"3\" data-post-limit=\"-1\" data-pagination-mode=\"standard\" data-scroll-offset=\"\"><div class=\"dt-css-grid custom-pagination-handler\"><div class=\"visible wf-cell\" data-post-id=\"10834\" data-date=\"2024-03-24T18:48:46+00:00\" data-name=\"Intimit\u00e1s \u00e9s kapcsolat: \u00datmutat\u00f3 a m\u00e9lyebb k\u00f6t\u0151d\u00e9s fel\u00e9\"><article class=\"post visible post-10834 dt_portfolio type-dt_portfolio status-publish has-post-thumbnail hentry dt_portfolio_category-psychology-hu dt_portfolio_category-65 description-off\" data-name=\"Intimit\u00e1s \u00e9s kapcsolat: \u00datmutat\u00f3 a m\u00e9lyebb k\u00f6t\u0151d\u00e9s fel\u00e9\" data-date=\"2024-03-24T18:48:46+00:00\">\n\n\t<div class=\"post-thumbnail-wrap\">\n\t\t<div class=\"post-thumbnail\">\n\n\t\t\t<a class=\"post-thumbnail-rollover layzr-bg img-css-resize-wrapper\" aria-label=\"Post image\" href=\"https:\/\/staging.anitasarkany.com\/hu\/events\/intimitas-es-kapcsolat-utmutato-a-melyebb-kotodes-fele\/\"><img fetchpriority=\"high\" decoding=\"async\" width=\"1500\" height=\"1000\" src=\"data:image\/svg+xml,%3Csvg%20xmlns%3D&#039;http%3A%2F%2Fwww.w3.org%2F2000%2Fsvg&#039;%20viewBox%3D&#039;0%200%201500%201000&#039;%2F%3E\" class=\"attachment-full size-full preload-me aspect lazy lazy-load\" alt=\"\" sizes=\"(max-width: 1500px) 100vw, 1500px\" style=\"--ratio: 1500 \/ 1000;\" data-src=\"https:\/\/staging.anitasarkany.com\/wp-content\/uploads\/2024\/03\/intimacy-couple-marriage-psychologist.jpg\" loading=\"eager\" data-srcset=\"https:\/\/staging.anitasarkany.com\/wp-content\/uploads\/2024\/03\/intimacy-couple-marriage-psychologist.jpg 1500w, https:\/\/staging.anitasarkany.com\/wp-content\/uploads\/2024\/03\/intimacy-couple-marriage-psychologist-300x200.jpg 300w, https:\/\/staging.anitasarkany.com\/wp-content\/uploads\/2024\/03\/intimacy-couple-marriage-psychologist-1024x683.jpg 1024w, https:\/\/staging.anitasarkany.com\/wp-content\/uploads\/2024\/03\/intimacy-couple-marriage-psychologist-768x512.jpg 768w\" \/><\/a>\n\t\t<\/div>\n\t<\/div>\n\n\n<div class=\"post-entry-content\">\n\n\t<h3 class=\"ele-entry-title\"><a href=\"https:\/\/staging.anitasarkany.com\/hu\/events\/intimitas-es-kapcsolat-utmutato-a-melyebb-kotodes-fele\/\" rel=\"bookmark\" title=\"Intimit\u00e1s \u00e9s kapcsolat: \u00datmutat\u00f3 a m\u00e9lyebb k\u00f6t\u0151d\u00e9s fel\u00e9\">Intimit\u00e1s \u00e9s kapcsolat: \u00datmutat\u00f3 a m\u00e9lyebb k\u00f6t\u0151d\u00e9s fel\u00e9<\/a><\/h3><div class=\"entry-excerpt\"><p>2024. m\u00e1jus 24.<\/p>\n<\/div>\n<\/div><\/article><\/div><div class=\"visible wf-cell\" data-post-id=\"10837\" data-date=\"2024-03-24T17:37:07+00:00\" data-name=\"A munkahelyi j\u00f3l\u00e9t \u00fajra\u00e9rtelmez\u00e9se: Strat\u00e9gi\u00e1k a ki\u00e9g\u00e9s ellen\"><article class=\"post visible post-10837 dt_portfolio type-dt_portfolio status-publish has-post-thumbnail hentry dt_portfolio_category-leadership-hu dt_portfolio_category-66 description-off\" data-name=\"A munkahelyi j\u00f3l\u00e9t \u00fajra\u00e9rtelmez\u00e9se: Strat\u00e9gi\u00e1k a ki\u00e9g\u00e9s ellen\" data-date=\"2024-03-24T17:37:07+00:00\">\n\n\t<div class=\"post-thumbnail-wrap\">\n\t\t<div class=\"post-thumbnail\">\n\n\t\t\t<a class=\"post-thumbnail-rollover layzr-bg img-css-resize-wrapper\" aria-label=\"Post image\" href=\"https:\/\/staging.anitasarkany.com\/hu\/events\/redefining-workplace-well-being-strategies-against-burnout\/\"><img decoding=\"async\" width=\"1500\" height=\"1000\" src=\"data:image\/svg+xml,%3Csvg%20xmlns%3D&#039;http%3A%2F%2Fwww.w3.org%2F2000%2Fsvg&#039;%20viewBox%3D&#039;0%200%201500%201000&#039;%2F%3E\" class=\"attachment-full size-full preload-me aspect lazy lazy-load\" alt=\"\" sizes=\"(max-width: 1500px) 100vw, 1500px\" style=\"--ratio: 1500 \/ 1000;\" data-src=\"https:\/\/staging.anitasarkany.com\/wp-content\/uploads\/2024\/03\/burnout-psychologist-leadership-training-online-event.jpg\" loading=\"eager\" data-srcset=\"https:\/\/staging.anitasarkany.com\/wp-content\/uploads\/2024\/03\/burnout-psychologist-leadership-training-online-event.jpg 1500w, https:\/\/staging.anitasarkany.com\/wp-content\/uploads\/2024\/03\/burnout-psychologist-leadership-training-online-event-300x200.jpg 300w, https:\/\/staging.anitasarkany.com\/wp-content\/uploads\/2024\/03\/burnout-psychologist-leadership-training-online-event-1024x683.jpg 1024w, https:\/\/staging.anitasarkany.com\/wp-content\/uploads\/2024\/03\/burnout-psychologist-leadership-training-online-event-768x512.jpg 768w\" \/><\/a>\n\t\t<\/div>\n\t<\/div>\n\n\n<div class=\"post-entry-content\">\n\n\t<h3 class=\"ele-entry-title\"><a href=\"https:\/\/staging.anitasarkany.com\/hu\/events\/redefining-workplace-well-being-strategies-against-burnout\/\" rel=\"bookmark\" title=\"A munkahelyi j\u00f3l\u00e9t \u00fajra\u00e9rtelmez\u00e9se: Strat\u00e9gi\u00e1k a ki\u00e9g\u00e9s ellen\">A munkahelyi j\u00f3l\u00e9t \u00fajra\u00e9rtelmez\u00e9se: Strat\u00e9gi\u00e1k a ki\u00e9g\u00e9s ellen<\/a><\/h3><div class=\"entry-excerpt\"><p>2024. m\u00e1jus 24.<\/p>\n<\/div>\n<\/div><\/article><\/div><\/div><!-- iso-container|iso-grid --><\/div>\t\t\t\t<\/div>\n\t\t\t\t<\/div>\n\t\t\t\t\t<\/div>\n\t\t<\/div>\n\t\t\t\t\t<\/div>\n\t\t<\/section>\n\t\t<div class=\"elementor-element elementor-element-73622e0 e-con-full e-flex e-con e-parent\" data-id=\"73622e0\" data-element_type=\"container\" data-e-type=\"container\" data-settings=\"{&quot;background_background&quot;:&quot;classic&quot;}\">\n\t\t<div class=\"elementor-element elementor-element-5410ad6 e-flex e-con-boxed e-con e-child\" data-id=\"5410ad6\" data-element_type=\"container\" data-e-type=\"container\">\n\t\t\t\t\t<div class=\"e-con-inner\">\n\t\t\t\t<div class=\"elementor-element elementor-element-7e3c48b elementor-widget__width-initial elementor-widget elementor-widget-heading\" data-id=\"7e3c48b\" data-element_type=\"widget\" data-e-type=\"widget\" data-widget_type=\"heading.default\">\n\t\t\t\t<div class=\"elementor-widget-container\">\n\t\t\t\t\t<h3 class=\"elementor-heading-title elementor-size-default\">K\u00e9rd\u00e9seid vannak? Itt vagyok, hogy tiszt\u00e1bban l\u00e1thass \u00e9s \u00faj n\u00e9z\u0151pontot k\u00edn\u00e1ljak.<\/h3>\t\t\t\t<\/div>\n\t\t\t\t<\/div>\n\t\t\t\t<div class=\"elementor-element elementor-element-20e5ec1 elementor-widget elementor-widget-button\" data-id=\"20e5ec1\" data-element_type=\"widget\" data-e-type=\"widget\" data-widget_type=\"button.default\">\n\t\t\t\t<div class=\"elementor-widget-container\">\n\t\t\t\t\t\t\t\t\t<div class=\"elementor-button-wrapper\">\n\t\t\t\t\t<a class=\"elementor-button elementor-button-link elementor-size-sm\" href=\"https:\/\/staging.anitasarkany.com\/hu\/kapcsolat\">\n\t\t\t\t\t\t<span class=\"elementor-button-content-wrapper\">\n\t\t\t\t\t\t<span class=\"elementor-button-icon\">\n\t\t\t\t<svg aria-hidden=\"true\" class=\"e-font-icon-svg e-far-comment\" viewBox=\"0 0 512 512\" xmlns=\"http:\/\/www.w3.org\/2000\/svg\"><path d=\"M256 32C114.6 32 0 125.1 0 240c0 47.6 19.9 91.2 52.9 126.3C38 405.7 7 439.1 6.5 439.5c-6.6 7-8.4 17.2-4.6 26S14.4 480 24 480c61.5 0 110-25.7 139.1-46.3C192 442.8 223.2 448 256 448c141.4 0 256-93.1 256-208S397.4 32 256 32zm0 368c-26.7 0-53.1-4.1-78.4-12.1l-22.7-7.2-19.5 13.8c-14.3 10.1-33.9 21.4-57.5 29 7.3-12.1 14.4-25.7 19.9-40.2l10.6-28.1-20.6-21.8C69.7 314.1 48 282.2 48 240c0-88.2 93.3-160 208-160s208 71.8 208 160-93.3 160-208 160z\"><\/path><\/svg>\t\t\t<\/span>\n\t\t\t\t\t\t\t\t\t<span class=\"elementor-button-text\">Kapcsolat<\/span>\n\t\t\t\t\t<\/span>\n\t\t\t\t\t<\/a>\n\t\t\t\t<\/div>\n\t\t\t\t\t\t\t\t<\/div>\n\t\t\t\t<\/div>\n\t\t\t\t\t<\/div>\n\t\t\t\t<\/div>\n\t\t\t\t<\/div>\n\t\t\t\t<\/div>\n\t\t","protected":false},"excerpt":{"rendered":"<p>Intimacy and Connection: A Guide to Deeper Bonding May 24, 2024 Redefining Workplace Well-being: Strategies Against Burnout May 24, 2024 K\u00e9rd\u00e9seid vannak? Itt vagyok, hogy tiszt\u00e1bban l\u00e1thass \u00e9s \u00faj n\u00e9z\u0151pontot k\u00edn\u00e1ljak. Kapcsolat<\/p>\n","protected":false},"author":1,"featured_media":10811,"parent":0,"menu_order":0,"comment_status":"closed","ping_status":"closed","template":"","meta":{"footnotes":""},"class_list":["post-10818","page","type-page","status-publish","has-post-thumbnail","hentry","dt_portfolio_category-66","description-off"],"yoast_head":"<!-- This site is optimized with the Yoast SEO plugin v27.1.1 - https:\/\/yoast.com\/product\/yoast-seo-wordpress\/ -->\n<title>Esem\u00e9nyek - S\u00e1rk\u00e1ny Anita<\/title>\n<meta name=\"description\" content=\"Online esem\u00e9nyek pszichol\u00f3gia \u00e9s leadership ter\u00fclet\u00e9n. Tekintse meg el\u00e9rhet\u0151 esem\u00e9nyeimet!\" \/>\n<meta name=\"robots\" content=\"noindex, follow, max-snippet:-1, max-image-preview:large, max-video-preview:-1\" \/>\n<meta property=\"og:locale\" content=\"hu_HU\" \/>\n<meta property=\"og:type\" content=\"article\" \/>\n<meta property=\"og:title\" content=\"Esem\u00e9nyek - S\u00e1rk\u00e1ny Anita\" \/>\n<meta property=\"og:description\" content=\"Online esem\u00e9nyek pszichol\u00f3gia \u00e9s leadership ter\u00fclet\u00e9n. Tekintse meg el\u00e9rhet\u0151 esem\u00e9nyeimet!\" \/>\n<meta property=\"og:url\" content=\"https:\/\/staging.anitasarkany.com\/hu\/esemenyek\/\" \/>\n<meta property=\"og:site_name\" content=\"S\u00e1rk\u00e1ny Anita\" \/>\n<meta property=\"article:modified_time\" content=\"2024-04-22T12:14:37+00:00\" \/>\n<meta property=\"og:image\" content=\"https:\/\/staging.anitasarkany.com\/wp-content\/uploads\/2024\/03\/anita-sarkany-psychologist-leadarship-psychological-consultation-side.jpg\" \/>\n<meta name=\"twitter:card\" content=\"summary_large_image\" \/>\n<meta name=\"twitter:label1\" content=\"Becs\u00fclt olvas\u00e1si id\u0151\" \/>\n\t<meta name=\"twitter:data1\" content=\"1 perc\" \/>\n<script type=\"application\/ld+json\" class=\"yoast-schema-graph\">{\"@context\":\"https:\/\/schema.org\",\"@graph\":[{\"@type\":\"WebPage\",\"@id\":\"https:\/\/staging.anitasarkany.com\/hu\/esemenyek\/\",\"url\":\"https:\/\/staging.anitasarkany.com\/hu\/esemenyek\/\",\"name\":\"Esem\u00e9nyek - S\u00e1rk\u00e1ny Anita\",\"isPartOf\":{\"@id\":\"https:\/\/staging.anitasarkany.com\/hu\/#website\"},\"primaryImageOfPage\":{\"@id\":\"https:\/\/staging.anitasarkany.com\/hu\/esemenyek\/#primaryimage\"},\"image\":{\"@id\":\"https:\/\/staging.anitasarkany.com\/hu\/esemenyek\/#primaryimage\"},\"thumbnailUrl\":\"https:\/\/staging.anitasarkany.com\/wp-content\/uploads\/2024\/03\/anita-sarkany-psychologist-leadarship-psychological-consultation-side.jpg\",\"datePublished\":\"2024-03-24T18:04:20+00:00\",\"dateModified\":\"2024-04-22T12:14:37+00:00\",\"description\":\"Online esem\u00e9nyek pszichol\u00f3gia \u00e9s leadership ter\u00fclet\u00e9n. Tekintse meg el\u00e9rhet\u0151 esem\u00e9nyeimet!\",\"breadcrumb\":{\"@id\":\"https:\/\/staging.anitasarkany.com\/hu\/esemenyek\/#breadcrumb\"},\"inLanguage\":\"hu\",\"potentialAction\":[{\"@type\":\"ReadAction\",\"target\":[\"https:\/\/staging.anitasarkany.com\/hu\/esemenyek\/\"]}]},{\"@type\":\"ImageObject\",\"inLanguage\":\"hu\",\"@id\":\"https:\/\/staging.anitasarkany.com\/hu\/esemenyek\/#primaryimage\",\"url\":\"https:\/\/staging.anitasarkany.com\/wp-content\/uploads\/2024\/03\/anita-sarkany-psychologist-leadarship-psychological-consultation-side.jpg\",\"contentUrl\":\"https:\/\/staging.anitasarkany.com\/wp-content\/uploads\/2024\/03\/anita-sarkany-psychologist-leadarship-psychological-consultation-side.jpg\",\"width\":1000,\"height\":665},{\"@type\":\"BreadcrumbList\",\"@id\":\"https:\/\/staging.anitasarkany.com\/hu\/esemenyek\/#breadcrumb\",\"itemListElement\":[{\"@type\":\"ListItem\",\"position\":1,\"name\":\"Home\",\"item\":\"https:\/\/staging.anitasarkany.com\/hu\/\"},{\"@type\":\"ListItem\",\"position\":2,\"name\":\"Esem\u00e9nyek\"}]},{\"@type\":\"WebSite\",\"@id\":\"https:\/\/staging.anitasarkany.com\/hu\/#website\",\"url\":\"https:\/\/staging.anitasarkany.com\/hu\/\",\"name\":\"S\u00e1rk\u00e1ny Anita\",\"description\":\"My WordPress Blog\",\"publisher\":{\"@id\":\"https:\/\/staging.anitasarkany.com\/hu\/#organization\"},\"potentialAction\":[{\"@type\":\"SearchAction\",\"target\":{\"@type\":\"EntryPoint\",\"urlTemplate\":\"https:\/\/staging.anitasarkany.com\/hu\/?s={search_term_string}\"},\"query-input\":{\"@type\":\"PropertyValueSpecification\",\"valueRequired\":true,\"valueName\":\"search_term_string\"}}],\"inLanguage\":\"hu\"},{\"@type\":\"Organization\",\"@id\":\"https:\/\/staging.anitasarkany.com\/hu\/#organization\",\"name\":\"S\u00e1rk\u00e1ny Anita\",\"url\":\"https:\/\/staging.anitasarkany.com\/hu\/\",\"logo\":{\"@type\":\"ImageObject\",\"inLanguage\":\"hu\",\"@id\":\"https:\/\/staging.anitasarkany.com\/hu\/#\/schema\/logo\/image\/\",\"url\":\"https:\/\/staging.anitasarkany.com\/wp-content\/uploads\/2024\/03\/anita-sarkany-psychologist.png\",\"contentUrl\":\"https:\/\/staging.anitasarkany.com\/wp-content\/uploads\/2024\/03\/anita-sarkany-psychologist.png\",\"width\":277,\"height\":50,\"caption\":\"S\u00e1rk\u00e1ny Anita\"},\"image\":{\"@id\":\"https:\/\/staging.anitasarkany.com\/hu\/#\/schema\/logo\/image\/\"}}]}<\/script>\n<!-- \/ Yoast SEO plugin. -->","yoast_head_json":{"title":"Esem\u00e9nyek - S\u00e1rk\u00e1ny Anita","description":"Online esem\u00e9nyek pszichol\u00f3gia \u00e9s leadership ter\u00fclet\u00e9n. Tekintse meg el\u00e9rhet\u0151 esem\u00e9nyeimet!","robots":{"index":"noindex","follow":"follow","max-snippet":"max-snippet:-1","max-image-preview":"max-image-preview:large","max-video-preview":"max-video-preview:-1"},"og_locale":"hu_HU","og_type":"article","og_title":"Esem\u00e9nyek - S\u00e1rk\u00e1ny Anita","og_description":"Online esem\u00e9nyek pszichol\u00f3gia \u00e9s leadership ter\u00fclet\u00e9n. Tekintse meg el\u00e9rhet\u0151 esem\u00e9nyeimet!","og_url":"https:\/\/staging.anitasarkany.com\/hu\/esemenyek\/","og_site_name":"S\u00e1rk\u00e1ny Anita","article_modified_time":"2024-04-22T12:14:37+00:00","og_image":[{"url":"https:\/\/staging.anitasarkany.com\/wp-content\/uploads\/2024\/03\/anita-sarkany-psychologist-leadarship-psychological-consultation-side.jpg","type":"","width":"","height":""}],"twitter_card":"summary_large_image","twitter_misc":{"Becs\u00fclt olvas\u00e1si id\u0151":"1 perc"},"schema":{"@context":"https:\/\/schema.org","@graph":[{"@type":"WebPage","@id":"https:\/\/staging.anitasarkany.com\/hu\/esemenyek\/","url":"https:\/\/staging.anitasarkany.com\/hu\/esemenyek\/","name":"Esem\u00e9nyek - S\u00e1rk\u00e1ny Anita","isPartOf":{"@id":"https:\/\/staging.anitasarkany.com\/hu\/#website"},"primaryImageOfPage":{"@id":"https:\/\/staging.anitasarkany.com\/hu\/esemenyek\/#primaryimage"},"image":{"@id":"https:\/\/staging.anitasarkany.com\/hu\/esemenyek\/#primaryimage"},"thumbnailUrl":"https:\/\/staging.anitasarkany.com\/wp-content\/uploads\/2024\/03\/anita-sarkany-psychologist-leadarship-psychological-consultation-side.jpg","datePublished":"2024-03-24T18:04:20+00:00","dateModified":"2024-04-22T12:14:37+00:00","description":"Online esem\u00e9nyek pszichol\u00f3gia \u00e9s leadership ter\u00fclet\u00e9n. Tekintse meg el\u00e9rhet\u0151 esem\u00e9nyeimet!","breadcrumb":{"@id":"https:\/\/staging.anitasarkany.com\/hu\/esemenyek\/#breadcrumb"},"inLanguage":"hu","potentialAction":[{"@type":"ReadAction","target":["https:\/\/staging.anitasarkany.com\/hu\/esemenyek\/"]}]},{"@type":"ImageObject","inLanguage":"hu","@id":"https:\/\/staging.anitasarkany.com\/hu\/esemenyek\/#primaryimage","url":"https:\/\/staging.anitasarkany.com\/wp-content\/uploads\/2024\/03\/anita-sarkany-psychologist-leadarship-psychological-consultation-side.jpg","contentUrl":"https:\/\/staging.anitasarkany.com\/wp-content\/uploads\/2024\/03\/anita-sarkany-psychologist-leadarship-psychological-consultation-side.jpg","width":1000,"height":665},{"@type":"BreadcrumbList","@id":"https:\/\/staging.anitasarkany.com\/hu\/esemenyek\/#breadcrumb","itemListElement":[{"@type":"ListItem","position":1,"name":"Home","item":"https:\/\/staging.anitasarkany.com\/hu\/"},{"@type":"ListItem","position":2,"name":"Esem\u00e9nyek"}]},{"@type":"WebSite","@id":"https:\/\/staging.anitasarkany.com\/hu\/#website","url":"https:\/\/staging.anitasarkany.com\/hu\/","name":"S\u00e1rk\u00e1ny Anita","description":"My WordPress Blog","publisher":{"@id":"https:\/\/staging.anitasarkany.com\/hu\/#organization"},"potentialAction":[{"@type":"SearchAction","target":{"@type":"EntryPoint","urlTemplate":"https:\/\/staging.anitasarkany.com\/hu\/?s={search_term_string}"},"query-input":{"@type":"PropertyValueSpecification","valueRequired":true,"valueName":"search_term_string"}}],"inLanguage":"hu"},{"@type":"Organization","@id":"https:\/\/staging.anitasarkany.com\/hu\/#organization","name":"S\u00e1rk\u00e1ny Anita","url":"https:\/\/staging.anitasarkany.com\/hu\/","logo":{"@type":"ImageObject","inLanguage":"hu","@id":"https:\/\/staging.anitasarkany.com\/hu\/#\/schema\/logo\/image\/","url":"https:\/\/staging.anitasarkany.com\/wp-content\/uploads\/2024\/03\/anita-sarkany-psychologist.png","contentUrl":"https:\/\/staging.anitasarkany.com\/wp-content\/uploads\/2024\/03\/anita-sarkany-psychologist.png","width":277,"height":50,"caption":"S\u00e1rk\u00e1ny Anita"},"image":{"@id":"https:\/\/staging.anitasarkany.com\/hu\/#\/schema\/logo\/image\/"}}]}},"_links":{"self":[{"href":"https:\/\/staging.anitasarkany.com\/hu\/wp-json\/wp\/v2\/pages\/10818","targetHints":{"allow":["GET"]}}],"collection":[{"href":"https:\/\/staging.anitasarkany.com\/hu\/wp-json\/wp\/v2\/pages"}],"about":[{"href":"https:\/\/staging.anitasarkany.com\/hu\/wp-json\/wp\/v2\/types\/page"}],"author":[{"embeddable":true,"href":"https:\/\/staging.anitasarkany.com\/hu\/wp-json\/wp\/v2\/users\/1"}],"replies":[{"embeddable":true,"href":"https:\/\/staging.anitasarkany.com\/hu\/wp-json\/wp\/v2\/comments?post=10818"}],"version-history":[{"count":16,"href":"https:\/\/staging.anitasarkany.com\/hu\/wp-json\/wp\/v2\/pages\/10818\/revisions"}],"predecessor-version":[{"id":11043,"href":"https:\/\/staging.anitasarkany.com\/hu\/wp-json\/wp\/v2\/pages\/10818\/revisions\/11043"}],"wp:featuredmedia":[{"embeddable":true,"href":"https:\/\/staging.anitasarkany.com\/hu\/wp-json\/wp\/v2\/media\/10811"}],"wp:attachment":[{"href":"https:\/\/staging.anitasarkany.com\/hu\/wp-json\/wp\/v2\/media?parent=10818"}],"curies":[{"name":"wp","href":"https:\/\/api.w.org\/{rel}","templated":true}]}}