{"id":10822,"date":"2024-04-10T12:47:45","date_gmt":"2024-04-10T12:47:45","guid":{"rendered":"https:\/\/www.sarkanyanita.hu\/uj\/impresszum\/"},"modified":"2024-04-20T15:18:58","modified_gmt":"2024-04-20T15:18:58","slug":"impresszum","status":"publish","type":"page","link":"https:\/\/staging.anitasarkany.com\/hu\/impresszum\/","title":{"rendered":"Impresszum"},"content":{"rendered":"\t\t<div data-elementor-type=\"wp-page\" data-elementor-id=\"10822\" class=\"elementor elementor-10822 elementor-10705\" data-elementor-post-type=\"page\">\n\t\t\t\t<div class=\"elementor-element elementor-element-1c62e49 e-grid e-con-boxed e-con e-parent\" data-id=\"1c62e49\" data-element_type=\"container\" data-e-type=\"container\">\n\t\t\t\t\t<div class=\"e-con-inner\">\n\t\t\t\t<div class=\"elementor-element elementor-element-ee88e7c elementor-widget elementor-widget-text-editor\" data-id=\"ee88e7c\" data-element_type=\"widget\" data-e-type=\"widget\" data-widget_type=\"text-editor.default\">\n\t\t\t\t<div class=\"elementor-widget-container\">\n\t\t\t\t\t\t\t\t\t<h4>A honlap \u00fczemeltet\u0151je<\/h4><ul><li>N\u00e9v: S\u00e1rk\u00e1ny Anita egy\u00e9ni v\u00e1llalkoz\u00f3<\/li><li>Sz\u00e9khely: 71409, Schwaikheim, Bismarckstr. 1\/2, N\u00e9metorsz\u00e1g 1\/2<\/li><li>Ad\u00f3sz\u00e1m: DE365135602<\/li><li>Honlap: <a href=\"https:\/\/staging.anitasarkany.com\">www.anitasarkany.com<\/a><\/li><li>E-mail: <a href=\"mailto:info@anitasarkany.com\">info@anitasarkany.com<\/a><\/li><\/ul><h4>T\u00e1rhelyszolg\u00e1lat\u00f3<\/h4><ul><li>MikroVPS Informatikai \u00e9s Szolg\u00e1ltat\u00f3 Korl\u00e1tolt Felel\u0151ss\u00e9g\u0171 T\u00e1rsas\u00e1g<\/li><li>Sz\u00e9khely: 7150 Bonyh\u00e1d, J\u00f3kai M\u00f3r utca 3.<\/li><li>Honlap: <a href=\"https:\/\/www.mikrovps.net\/\" target=\"_blank\" rel=\"noopener\">www.mikrovps.net<\/a><\/li><li>E-mail: <a href=\"mailto:support@mikrovps.net\">support@mikrovps.net<\/a><\/li><\/ul>\t\t\t\t\t\t\t\t<\/div>\n\t\t\t\t<\/div>\n\t\t\t\t\t<\/div>\n\t\t\t\t<\/div>\n\t\t\t\t<\/div>\n\t\t","protected":false},"excerpt":{"rendered":"<p>A honlap \u00fczemeltet\u0151je N\u00e9v: S\u00e1rk\u00e1ny Anita egy\u00e9ni v\u00e1llalkoz\u00f3 Sz\u00e9khely: 71409, Schwaikheim, Bismarckstr. 1\/2, N\u00e9metorsz\u00e1g 1\/2 Ad\u00f3sz\u00e1m: DE365135602 Honlap: www.anitasarkany.com E-mail: info@anitasarkany.com T\u00e1rhelyszolg\u00e1lat\u00f3 MikroVPS Informatikai \u00e9s Szolg\u00e1ltat\u00f3 Korl\u00e1tolt Felel\u0151ss\u00e9g\u0171 T\u00e1rsas\u00e1g Sz\u00e9khely: 7150 Bonyh\u00e1d, J\u00f3kai M\u00f3r utca 3. Honlap: www.mikrovps.net E-mail: support@mikrovps.net<\/p>\n","protected":false},"author":1,"featured_media":0,"parent":0,"menu_order":0,"comment_status":"closed","ping_status":"closed","template":"","meta":{"footnotes":""},"class_list":["post-10822","page","type-page","status-publish","hentry"],"yoast_head":"<!-- This site is optimized with the Yoast SEO plugin v27.1.1 - https:\/\/yoast.com\/product\/yoast-seo-wordpress\/ -->\n<title>Impresszum - S\u00e1rk\u00e1ny Anita<\/title>\n<meta name=\"robots\" content=\"noindex, follow, max-snippet:-1, max-image-preview:large, max-video-preview:-1\" \/>\n<meta property=\"og:locale\" content=\"hu_HU\" \/>\n<meta property=\"og:type\" content=\"article\" \/>\n<meta property=\"og:title\" content=\"Impresszum - S\u00e1rk\u00e1ny Anita\" \/>\n<meta property=\"og:description\" content=\"A honlap \u00fczemeltet\u0151je N\u00e9v: S\u00e1rk\u00e1ny Anita egy\u00e9ni v\u00e1llalkoz\u00f3 Sz\u00e9khely: 71409, Schwaikheim, Bismarckstr. 1\/2, N\u00e9metorsz\u00e1g 1\/2 Ad\u00f3sz\u00e1m: DE365135602 Honlap: www.anitasarkany.com E-mail: info@anitasarkany.com T\u00e1rhelyszolg\u00e1lat\u00f3 MikroVPS Informatikai \u00e9s Szolg\u00e1ltat\u00f3 Korl\u00e1tolt Felel\u0151ss\u00e9g\u0171 T\u00e1rsas\u00e1g Sz\u00e9khely: 7150 Bonyh\u00e1d, J\u00f3kai M\u00f3r utca 3. Honlap: www.mikrovps.net E-mail: support@mikrovps.net\" \/>\n<meta property=\"og:url\" content=\"https:\/\/staging.anitasarkany.com\/hu\/impresszum\/\" \/>\n<meta property=\"og:site_name\" content=\"S\u00e1rk\u00e1ny Anita\" \/>\n<meta property=\"article:modified_time\" content=\"2024-04-20T15:18:58+00:00\" \/>\n<meta name=\"twitter:card\" content=\"summary_large_image\" \/>\n<meta name=\"twitter:label1\" content=\"Becs\u00fclt olvas\u00e1si id\u0151\" \/>\n\t<meta name=\"twitter:data1\" content=\"1 perc\" \/>\n<script type=\"application\/ld+json\" class=\"yoast-schema-graph\">{\"@context\":\"https:\/\/schema.org\",\"@graph\":[{\"@type\":\"WebPage\",\"@id\":\"https:\/\/staging.anitasarkany.com\/hu\/impresszum\/\",\"url\":\"https:\/\/staging.anitasarkany.com\/hu\/impresszum\/\",\"name\":\"Impresszum - S\u00e1rk\u00e1ny Anita\",\"isPartOf\":{\"@id\":\"https:\/\/staging.anitasarkany.com\/hu\/#website\"},\"datePublished\":\"2024-04-10T12:47:45+00:00\",\"dateModified\":\"2024-04-20T15:18:58+00:00\",\"breadcrumb\":{\"@id\":\"https:\/\/staging.anitasarkany.com\/hu\/impresszum\/#breadcrumb\"},\"inLanguage\":\"hu\",\"potentialAction\":[{\"@type\":\"ReadAction\",\"target\":[\"https:\/\/staging.anitasarkany.com\/hu\/impresszum\/\"]}]},{\"@type\":\"BreadcrumbList\",\"@id\":\"https:\/\/staging.anitasarkany.com\/hu\/impresszum\/#breadcrumb\",\"itemListElement\":[{\"@type\":\"ListItem\",\"position\":1,\"name\":\"Home\",\"item\":\"https:\/\/staging.anitasarkany.com\/hu\/\"},{\"@type\":\"ListItem\",\"position\":2,\"name\":\"Impresszum\"}]},{\"@type\":\"WebSite\",\"@id\":\"https:\/\/staging.anitasarkany.com\/hu\/#website\",\"url\":\"https:\/\/staging.anitasarkany.com\/hu\/\",\"name\":\"S\u00e1rk\u00e1ny Anita\",\"description\":\"My WordPress Blog\",\"publisher\":{\"@id\":\"https:\/\/staging.anitasarkany.com\/hu\/#organization\"},\"potentialAction\":[{\"@type\":\"SearchAction\",\"target\":{\"@type\":\"EntryPoint\",\"urlTemplate\":\"https:\/\/staging.anitasarkany.com\/hu\/?s={search_term_string}\"},\"query-input\":{\"@type\":\"PropertyValueSpecification\",\"valueRequired\":true,\"valueName\":\"search_term_string\"}}],\"inLanguage\":\"hu\"},{\"@type\":\"Organization\",\"@id\":\"https:\/\/staging.anitasarkany.com\/hu\/#organization\",\"name\":\"S\u00e1rk\u00e1ny Anita\",\"url\":\"https:\/\/staging.anitasarkany.com\/hu\/\",\"logo\":{\"@type\":\"ImageObject\",\"inLanguage\":\"hu\",\"@id\":\"https:\/\/staging.anitasarkany.com\/hu\/#\/schema\/logo\/image\/\",\"url\":\"https:\/\/staging.anitasarkany.com\/wp-content\/uploads\/2024\/03\/anita-sarkany-psychologist.png\",\"contentUrl\":\"https:\/\/staging.anitasarkany.com\/wp-content\/uploads\/2024\/03\/anita-sarkany-psychologist.png\",\"width\":277,\"height\":50,\"caption\":\"S\u00e1rk\u00e1ny Anita\"},\"image\":{\"@id\":\"https:\/\/staging.anitasarkany.com\/hu\/#\/schema\/logo\/image\/\"}}]}<\/script>\n<!-- \/ Yoast SEO plugin. -->","yoast_head_json":{"title":"Impresszum - S\u00e1rk\u00e1ny Anita","robots":{"index":"noindex","follow":"follow","max-snippet":"max-snippet:-1","max-image-preview":"max-image-preview:large","max-video-preview":"max-video-preview:-1"},"og_locale":"hu_HU","og_type":"article","og_title":"Impresszum - S\u00e1rk\u00e1ny Anita","og_description":"A honlap \u00fczemeltet\u0151je N\u00e9v: S\u00e1rk\u00e1ny Anita egy\u00e9ni v\u00e1llalkoz\u00f3 Sz\u00e9khely: 71409, Schwaikheim, Bismarckstr. 1\/2, N\u00e9metorsz\u00e1g 1\/2 Ad\u00f3sz\u00e1m: DE365135602 Honlap: www.anitasarkany.com E-mail: info@anitasarkany.com T\u00e1rhelyszolg\u00e1lat\u00f3 MikroVPS Informatikai \u00e9s Szolg\u00e1ltat\u00f3 Korl\u00e1tolt Felel\u0151ss\u00e9g\u0171 T\u00e1rsas\u00e1g Sz\u00e9khely: 7150 Bonyh\u00e1d, J\u00f3kai M\u00f3r utca 3. Honlap: www.mikrovps.net E-mail: support@mikrovps.net","og_url":"https:\/\/staging.anitasarkany.com\/hu\/impresszum\/","og_site_name":"S\u00e1rk\u00e1ny Anita","article_modified_time":"2024-04-20T15:18:58+00:00","twitter_card":"summary_large_image","twitter_misc":{"Becs\u00fclt olvas\u00e1si id\u0151":"1 perc"},"schema":{"@context":"https:\/\/schema.org","@graph":[{"@type":"WebPage","@id":"https:\/\/staging.anitasarkany.com\/hu\/impresszum\/","url":"https:\/\/staging.anitasarkany.com\/hu\/impresszum\/","name":"Impresszum - S\u00e1rk\u00e1ny Anita","isPartOf":{"@id":"https:\/\/staging.anitasarkany.com\/hu\/#website"},"datePublished":"2024-04-10T12:47:45+00:00","dateModified":"2024-04-20T15:18:58+00:00","breadcrumb":{"@id":"https:\/\/staging.anitasarkany.com\/hu\/impresszum\/#breadcrumb"},"inLanguage":"hu","potentialAction":[{"@type":"ReadAction","target":["https:\/\/staging.anitasarkany.com\/hu\/impresszum\/"]}]},{"@type":"BreadcrumbList","@id":"https:\/\/staging.anitasarkany.com\/hu\/impresszum\/#breadcrumb","itemListElement":[{"@type":"ListItem","position":1,"name":"Home","item":"https:\/\/staging.anitasarkany.com\/hu\/"},{"@type":"ListItem","position":2,"name":"Impresszum"}]},{"@type":"WebSite","@id":"https:\/\/staging.anitasarkany.com\/hu\/#website","url":"https:\/\/staging.anitasarkany.com\/hu\/","name":"S\u00e1rk\u00e1ny Anita","description":"My WordPress Blog","publisher":{"@id":"https:\/\/staging.anitasarkany.com\/hu\/#organization"},"potentialAction":[{"@type":"SearchAction","target":{"@type":"EntryPoint","urlTemplate":"https:\/\/staging.anitasarkany.com\/hu\/?s={search_term_string}"},"query-input":{"@type":"PropertyValueSpecification","valueRequired":true,"valueName":"search_term_string"}}],"inLanguage":"hu"},{"@type":"Organization","@id":"https:\/\/staging.anitasarkany.com\/hu\/#organization","name":"S\u00e1rk\u00e1ny Anita","url":"https:\/\/staging.anitasarkany.com\/hu\/","logo":{"@type":"ImageObject","inLanguage":"hu","@id":"https:\/\/staging.anitasarkany.com\/hu\/#\/schema\/logo\/image\/","url":"https:\/\/staging.anitasarkany.com\/wp-content\/uploads\/2024\/03\/anita-sarkany-psychologist.png","contentUrl":"https:\/\/staging.anitasarkany.com\/wp-content\/uploads\/2024\/03\/anita-sarkany-psychologist.png","width":277,"height":50,"caption":"S\u00e1rk\u00e1ny Anita"},"image":{"@id":"https:\/\/staging.anitasarkany.com\/hu\/#\/schema\/logo\/image\/"}}]}},"_links":{"self":[{"href":"https:\/\/staging.anitasarkany.com\/hu\/wp-json\/wp\/v2\/pages\/10822","targetHints":{"allow":["GET"]}}],"collection":[{"href":"https:\/\/staging.anitasarkany.com\/hu\/wp-json\/wp\/v2\/pages"}],"about":[{"href":"https:\/\/staging.anitasarkany.com\/hu\/wp-json\/wp\/v2\/types\/page"}],"author":[{"embeddable":true,"href":"https:\/\/staging.anitasarkany.com\/hu\/wp-json\/wp\/v2\/users\/1"}],"replies":[{"embeddable":true,"href":"https:\/\/staging.anitasarkany.com\/hu\/wp-json\/wp\/v2\/comments?post=10822"}],"version-history":[{"count":4,"href":"https:\/\/staging.anitasarkany.com\/hu\/wp-json\/wp\/v2\/pages\/10822\/revisions"}],"predecessor-version":[{"id":10960,"href":"https:\/\/staging.anitasarkany.com\/hu\/wp-json\/wp\/v2\/pages\/10822\/revisions\/10960"}],"wp:attachment":[{"href":"https:\/\/staging.anitasarkany.com\/hu\/wp-json\/wp\/v2\/media?parent=10822"}],"curies":[{"name":"wp","href":"https:\/\/api.w.org\/{rel}","templated":true}]}}