{"id":10840,"date":"2024-03-24T15:41:17","date_gmt":"2024-03-24T15:41:17","guid":{"rendered":"https:\/\/www.sarkanyanita.hu\/uj\/leadership\/"},"modified":"2024-04-22T14:14:48","modified_gmt":"2024-04-22T14:14:48","slug":"leadership","status":"publish","type":"page","link":"https:\/\/staging.anitasarkany.com\/hu\/leadership\/","title":{"rendered":"Leadership"},"content":{"rendered":"\t\t<div data-elementor-type=\"wp-page\" data-elementor-id=\"10840\" class=\"elementor elementor-10840 elementor-10271\" data-elementor-post-type=\"page\">\n\t\t\t\t\t\t<section class=\"elementor-section elementor-top-section elementor-element elementor-element-1a0b24b elementor-reverse-tablet elementor-reverse-mobile elementor-section-boxed elementor-section-height-default elementor-section-height-default\" data-id=\"1a0b24b\" data-element_type=\"section\" data-e-type=\"section\" data-settings=\"{&quot;background_background&quot;:&quot;classic&quot;}\">\n\t\t\t\t\t\t\t<div class=\"elementor-background-overlay\"><\/div>\n\t\t\t\t\t\t\t<div class=\"elementor-container elementor-column-gap-wider\">\n\t\t\t\t\t<div class=\"elementor-column elementor-col-100 elementor-top-column elementor-element elementor-element-e123884\" data-id=\"e123884\" data-element_type=\"column\" data-e-type=\"column\">\n\t\t\t<div class=\"elementor-widget-wrap elementor-element-populated\">\n\t\t\t\t\t\t<section class=\"elementor-section elementor-inner-section elementor-element elementor-element-b157520 elementor-section-boxed elementor-section-height-default elementor-section-height-default\" data-id=\"b157520\" data-element_type=\"section\" data-e-type=\"section\">\n\t\t\t\t\t\t<div class=\"elementor-container elementor-column-gap-no\">\n\t\t\t\t\t<div class=\"elementor-column elementor-col-50 elementor-inner-column elementor-element elementor-element-8a00e3c\" data-id=\"8a00e3c\" data-element_type=\"column\" data-e-type=\"column\">\n\t\t\t<div class=\"elementor-widget-wrap elementor-element-populated\">\n\t\t\t\t\t\t<div class=\"elementor-element elementor-element-42a184f elementor-widget elementor-widget-image\" data-id=\"42a184f\" data-element_type=\"widget\" data-e-type=\"widget\" data-widget_type=\"image.default\">\n\t\t\t\t<div class=\"elementor-widget-container\">\n\t\t\t\t\t\t\t\t\t\t\t\t\t\t\t<img decoding=\"async\" src=\"https:\/\/staging.anitasarkany.com\/wp-content\/uploads\/elementor\/thumbs\/anita-sarkany-psychologist-leadarship-psychological-consultation-qm8975ol7pzk85gko0vii2httz4sm79vrbmsxiy1h2.jpg\" title=\"anita-sarkany-psychologist-leadarship-psychological-consultation\" alt=\"anita-sarkany-psychologist-leadarship-psychological-consultation\" loading=\"lazy\" \/>\t\t\t\t\t\t\t\t\t\t\t\t\t\t\t<\/div>\n\t\t\t\t<\/div>\n\t\t\t\t\t<\/div>\n\t\t<\/div>\n\t\t\t\t<div class=\"elementor-column elementor-col-50 elementor-inner-column elementor-element elementor-element-d86d182\" data-id=\"d86d182\" data-element_type=\"column\" data-e-type=\"column\">\n\t\t\t<div class=\"elementor-widget-wrap elementor-element-populated\">\n\t\t\t\t\t\t<div class=\"elementor-element elementor-element-6a36a1e elementor-widget elementor-widget-text-editor\" data-id=\"6a36a1e\" data-element_type=\"widget\" data-e-type=\"widget\" data-widget_type=\"text-editor.default\">\n\t\t\t\t<div class=\"elementor-widget-container\">\n\t\t\t\t\t\t\t\t\t<p>T\u00f6bb mint 20 \u00e9v tapasztalattal a vezet\u00e9si tan\u00e1csad\u00e1s \u00e9s pszichol\u00f3gia ter\u00fclet\u00e9n, strat\u00e9giai emberi er\u0151forr\u00e1s menedzsmentben, szerte Eur\u00f3p\u00e1ban \u00e9s a K\u00f6zel-Keleten dolgoztam. Tev\u00e9kenys\u00e9gem a felt\u00f6rekv\u0151 tehets\u00e9gekt\u0151l a magas szint\u0171 vezet\u0151kig terjed. Szem\u00e9lyre szabott fejleszt\u00e9si programokat tervezek, \u00e9s sz\u00e9les k\u00f6r\u0171 tehets\u00e9gmenedzsment feladatokkal foglalkozom, bele\u00e9rtve a teljes\u00edtm\u00e9ny\u00e9rt\u00e9kel\u00e9st \u00e9s a pszichometriai, 360 fokos \u00e9rt\u00e9kel\u00e9st. Tapasztalt pszichol\u00f3gusk\u00e9nt \u00e9s strat\u00e9giai tan\u00e1csad\u00f3k\u00e9nt seg\u00edtek az egy\u00e9neknek \u00e9s csapatoknak lek\u00fczdeni az \u00fczleti \u00e9s \u00e9letbeli kih\u00edv\u00e1sokat gyakorlati megold\u00e1sokkal.<\/p><p>Sokat utazom, \u00e9s nagyon szeretek k\u00fcl\u00f6nb\u00f6z\u0151 kult\u00far\u00e1kkal megismerkedni, ami lehet\u0151v\u00e9 teszi sz\u00e1momra, hogy sz\u00e9lesk\u00f6r\u0171 perspekt\u00edv\u00e1b\u00f3l k\u00f6zel\u00edtsem meg a vezet\u0151i kih\u00edv\u00e1sokat \u00e9s a tehets\u00e9gfejleszt\u00e9st.<\/p>\t\t\t\t\t\t\t\t<\/div>\n\t\t\t\t<\/div>\n\t\t\t\t<div class=\"elementor-element elementor-element-02bae44 elementor-widget elementor-widget-text-editor\" data-id=\"02bae44\" data-element_type=\"widget\" data-e-type=\"widget\" data-widget_type=\"text-editor.default\">\n\t\t\t\t<div class=\"elementor-widget-container\">\n\t\t\t\t\t\t\t\t\t<h5>M\u00f3dszereim<\/h5><p>M\u00f3dszereim a kognit\u00edv \u00e9s viselked\u00e9salap\u00fa ter\u00e1pi\u00e1s eszk\u00f6z\u00f6k, s\u00e9ma, tranzakci\u00f3anal\u00edzis, valamint az imagin\u00e1ci\u00f3 \u00e9s vizu\u00e1lis technik\u00e1k sz\u00e9les sk\u00e1l\u00e1j\u00e1t \u00f6lelik fel, c\u00e9lom pedig a gyakorlatias, cselekv\u00e9sre orient\u00e1lt megk\u00f6zel\u00edt\u00e9s.<\/p>\t\t\t\t\t\t\t\t<\/div>\n\t\t\t\t<\/div>\n\t\t\t\t\t<\/div>\n\t\t<\/div>\n\t\t\t\t\t<\/div>\n\t\t<\/section>\n\t\t\t\t\t<\/div>\n\t\t<\/div>\n\t\t\t\t\t<\/div>\n\t\t<\/section>\n\t\t\t\t<section class=\"elementor-section elementor-top-section elementor-element elementor-element-0561b3d elementor-section-boxed elementor-section-height-default elementor-section-height-default\" data-id=\"0561b3d\" data-element_type=\"section\" data-e-type=\"section\" data-settings=\"{&quot;background_background&quot;:&quot;classic&quot;}\">\n\t\t\t\t\t\t<div class=\"elementor-container elementor-column-gap-wider\">\n\t\t\t\t\t<div class=\"elementor-column elementor-col-100 elementor-top-column elementor-element elementor-element-7e15910\" data-id=\"7e15910\" data-element_type=\"column\" data-e-type=\"column\">\n\t\t\t<div class=\"elementor-widget-wrap elementor-element-populated\">\n\t\t\t\t\t\t<section class=\"elementor-section elementor-inner-section elementor-element elementor-element-36801a9 elementor-reverse-tablet elementor-reverse-mobile elementor-section-boxed elementor-section-height-default elementor-section-height-default\" data-id=\"36801a9\" data-element_type=\"section\" data-e-type=\"section\">\n\t\t\t\t\t\t<div class=\"elementor-container elementor-column-gap-no\">\n\t\t\t\t\t<div class=\"elementor-column elementor-col-50 elementor-inner-column elementor-element elementor-element-57645a3\" data-id=\"57645a3\" data-element_type=\"column\" data-e-type=\"column\">\n\t\t\t<div class=\"elementor-widget-wrap elementor-element-populated\">\n\t\t\t\t\t\t<div class=\"elementor-element elementor-element-9b7f5bf elementor-widget elementor-widget-heading\" data-id=\"9b7f5bf\" data-element_type=\"widget\" data-e-type=\"widget\" data-widget_type=\"heading.default\">\n\t\t\t\t<div class=\"elementor-widget-container\">\n\t\t\t\t\t<h2 class=\"elementor-heading-title elementor-size-default\">Szakter\u00fcleteim a leadership ter\u00e9n<\/h2>\t\t\t\t<\/div>\n\t\t\t\t<\/div>\n\t\t\t\t<div class=\"elementor-element elementor-element-9daeaaa elementor-widget elementor-widget-text-editor\" data-id=\"9daeaaa\" data-element_type=\"widget\" data-e-type=\"widget\" data-widget_type=\"text-editor.default\">\n\t\t\t\t<div class=\"elementor-widget-container\">\n\t\t\t\t\t\t\t\t\t<ul><li><span class=\"kiemeles\">Vezet\u0151i \u00e9rt\u00e9kel\u00e9s:<\/span> A vezet\u0151i k\u00e9szs\u00e9gek azonos\u00edt\u00e1sa, \u00e9rt\u00e9kel\u00e9se \u00e9s fejleszt\u00e9se.<\/li><li><span class=\"kiemeles\">Szem\u00e9lyre szabott fejleszt\u00e9si programok:<\/span> Egyedi fejleszt\u00e9si tervek \u00e9s programok kialak\u00edt\u00e1sa, amelyek t\u00e1mogatj\u00e1k a vezet\u0151k n\u00f6veked\u00e9s\u00e9t \u00e9s fejl\u0151d\u00e9s\u00e9t.<\/li><li><span class=\"kiemeles\">Tehets\u00e9gmenedzsment:<\/span> Teljes\u00edtm\u00e9ny\u00e9rt\u00e9kel\u00e9s, ut\u00f3dl\u00e1stervez\u00e9s, \u00e9s tehets\u00e9ggondoz\u00e1s integr\u00e1lt megk\u00f6zel\u00edt\u00e9se.<\/li><li><span class=\"kiemeles\">Pszichometriai \u00e9s 360 fokos \u00e9rt\u00e9kel\u00e9sek:<\/span> Objekt\u00edv eszk\u00f6z\u00f6k haszn\u00e1lata a vezet\u0151i kompetenci\u00e1k \u00e9s munkat\u00e1rsak visszajelz\u00e9seinek \u00e9rt\u00e9kel\u00e9s\u00e9re.<\/li><li><span class=\"kiemeles\">\u00dczleti \u00e9s \u00e9letbeli kih\u00edv\u00e1sok lek\u00fczd\u00e9se:<\/span> Gyakorlati \u00e9s strat\u00e9giai tan\u00e1csad\u00e1s az \u00fczleti siker \u00e9s szem\u00e9lyes el\u00e9gedetts\u00e9g el\u00e9r\u00e9s\u00e9hez.<\/li><li><span class=\"kiemeles\">Tr\u00e9nerk\u00e9nt c\u00e9ges \u00fcgyfeleknek:<\/span> C\u00e9geknek sz\u00f3l\u00f3, testreszabott tr\u00e9ningprogramok vezet\u00e9se, amelyek a vezet\u0151i k\u00e9szs\u00e9gek fejleszt\u00e9s\u00e9re \u00e9s a csapatteljes\u00edtm\u00e9ny jav\u00edt\u00e1s\u00e1ra \u00f6sszpontos\u00edtanak.<\/li><li><span class=\"kiemeles\">Tan\u00e1csad\u00f3k\u00e9nt:<\/span> Egyedi tan\u00e1csad\u00e1s ny\u00fajt\u00e1sa szervezetek sz\u00e1m\u00e1ra a vezet\u00e9si strat\u00e9gi\u00e1k, a szervezeti kult\u00fara fejleszt\u00e9se \u00e9s a v\u00e1ltoz\u00e1smenedzsment ter\u00fclet\u00e9n.<\/li><\/ul><p>A vezet\u00e9si szerepek \u00e9s kih\u00edv\u00e1sok folyamatosan v\u00e1ltoznak a gyorsan fejl\u0151d\u0151 \u00fczleti k\u00f6rnyezetben. C\u00e9lom, hogy seg\u00edtsem a vezet\u0151ket \u00e9s a szervezeteket az alkalmazkod\u00e1sban, a n\u00f6veked\u00e9sben, \u00e9s abban, hogy kiemelked\u0151en teljes\u00edtsenek a glob\u00e1lis piacon.<\/p><p>C\u00e9gek \u00e9s szervezetek kereshetnek meg, amennyiben szak\u00e9rtelmet \u00e9s t\u00e1mogat\u00e1st keresnek.<\/p><p>Vezet\u0151k \u00e9s mag\u00e1nemberek is fordulhatnak hozz\u00e1m coachingra \u00e9s pszichol\u00f3giai tan\u00e1csad\u00e1sra egyar\u00e1nt. Legyen sz\u00f3 szem\u00e9lyes fejl\u0151d\u00e9sr\u0151l, karrier\u00fat tervez\u00e9sr\u0151l, munkahelyi kih\u00edv\u00e1sok kezel\u00e9s\u00e9r\u0151l vagy \u00e9letvezet\u00e9si k\u00e9rd\u00e9sekr\u0151l, egyedi ig\u00e9nyekre szabott t\u00e1mogat\u00e1st ny\u00fajtok.<\/p>\t\t\t\t\t\t\t\t<\/div>\n\t\t\t\t<\/div>\n\t\t\t\t\t<\/div>\n\t\t<\/div>\n\t\t\t\t<div class=\"elementor-column elementor-col-50 elementor-inner-column elementor-element elementor-element-e3eac7c\" data-id=\"e3eac7c\" data-element_type=\"column\" data-e-type=\"column\">\n\t\t\t<div class=\"elementor-widget-wrap elementor-element-populated\">\n\t\t\t\t\t\t<div class=\"elementor-element elementor-element-0a7eaee elementor-widget elementor-widget-image\" data-id=\"0a7eaee\" data-element_type=\"widget\" data-e-type=\"widget\" data-widget_type=\"image.default\">\n\t\t\t\t<div class=\"elementor-widget-container\">\n\t\t\t\t\t\t\t\t\t\t\t\t\t\t\t<img fetchpriority=\"high\" decoding=\"async\" width=\"900\" height=\"1273\" src=\"https:\/\/staging.anitasarkany.com\/wp-content\/uploads\/2024\/04\/anita-sarkany-psychologist-leadership-psychological-consultation-about-leadership.jpg\" class=\"attachment-full size-full wp-image-10805\" alt=\"\" srcset=\"https:\/\/staging.anitasarkany.com\/wp-content\/uploads\/2024\/04\/anita-sarkany-psychologist-leadership-psychological-consultation-about-leadership.jpg 900w, https:\/\/staging.anitasarkany.com\/wp-content\/uploads\/2024\/04\/anita-sarkany-psychologist-leadership-psychological-consultation-about-leadership-212x300.jpg 212w, https:\/\/staging.anitasarkany.com\/wp-content\/uploads\/2024\/04\/anita-sarkany-psychologist-leadership-psychological-consultation-about-leadership-724x1024.jpg 724w, https:\/\/staging.anitasarkany.com\/wp-content\/uploads\/2024\/04\/anita-sarkany-psychologist-leadership-psychological-consultation-about-leadership-768x1086.jpg 768w\" sizes=\"(max-width: 900px) 100vw, 900px\" \/>\t\t\t\t\t\t\t\t\t\t\t\t\t\t\t<\/div>\n\t\t\t\t<\/div>\n\t\t\t\t\t<\/div>\n\t\t<\/div>\n\t\t\t\t\t<\/div>\n\t\t<\/section>\n\t\t\t\t\t<\/div>\n\t\t<\/div>\n\t\t\t\t\t<\/div>\n\t\t<\/section>\n\t\t<div class=\"elementor-element elementor-element-3de627a e-con-full e-flex e-con e-parent\" data-id=\"3de627a\" data-element_type=\"container\" data-e-type=\"container\" data-settings=\"{&quot;background_background&quot;:&quot;classic&quot;}\">\n\t\t<div class=\"elementor-element elementor-element-835fe64 e-flex e-con-boxed e-con e-child\" data-id=\"835fe64\" data-element_type=\"container\" data-e-type=\"container\">\n\t\t\t\t\t<div class=\"e-con-inner\">\n\t\t\t\t<div class=\"elementor-element elementor-element-555857d elementor-widget__width-initial elementor-widget elementor-widget-heading\" data-id=\"555857d\" data-element_type=\"widget\" data-e-type=\"widget\" data-widget_type=\"heading.default\">\n\t\t\t\t<div class=\"elementor-widget-container\">\n\t\t\t\t\t<h3 class=\"elementor-heading-title elementor-size-default\">K\u00e9rd\u00e9seid vannak? Itt vagyok, hogy tiszt\u00e1bban l\u00e1thass \u00e9s \u00faj n\u00e9z\u0151pontot k\u00edn\u00e1ljak.\n<\/h3>\t\t\t\t<\/div>\n\t\t\t\t<\/div>\n\t\t\t\t<div class=\"elementor-element elementor-element-2a291bf elementor-widget elementor-widget-button\" data-id=\"2a291bf\" data-element_type=\"widget\" data-e-type=\"widget\" data-widget_type=\"button.default\">\n\t\t\t\t<div class=\"elementor-widget-container\">\n\t\t\t\t\t\t\t\t\t<div class=\"elementor-button-wrapper\">\n\t\t\t\t\t<a class=\"elementor-button elementor-button-link elementor-size-sm\" href=\"https:\/\/staging.anitasarkany.com\/hu\/kapcsolat\/\">\n\t\t\t\t\t\t<span class=\"elementor-button-content-wrapper\">\n\t\t\t\t\t\t<span class=\"elementor-button-icon\">\n\t\t\t\t<svg aria-hidden=\"true\" class=\"e-font-icon-svg e-far-comment\" viewBox=\"0 0 512 512\" xmlns=\"http:\/\/www.w3.org\/2000\/svg\"><path d=\"M256 32C114.6 32 0 125.1 0 240c0 47.6 19.9 91.2 52.9 126.3C38 405.7 7 439.1 6.5 439.5c-6.6 7-8.4 17.2-4.6 26S14.4 480 24 480c61.5 0 110-25.7 139.1-46.3C192 442.8 223.2 448 256 448c141.4 0 256-93.1 256-208S397.4 32 256 32zm0 368c-26.7 0-53.1-4.1-78.4-12.1l-22.7-7.2-19.5 13.8c-14.3 10.1-33.9 21.4-57.5 29 7.3-12.1 14.4-25.7 19.9-40.2l10.6-28.1-20.6-21.8C69.7 314.1 48 282.2 48 240c0-88.2 93.3-160 208-160s208 71.8 208 160-93.3 160-208 160z\"><\/path><\/svg>\t\t\t<\/span>\n\t\t\t\t\t\t\t\t\t<span class=\"elementor-button-text\">Kapcsolat<\/span>\n\t\t\t\t\t<\/span>\n\t\t\t\t\t<\/a>\n\t\t\t\t<\/div>\n\t\t\t\t\t\t\t\t<\/div>\n\t\t\t\t<\/div>\n\t\t\t\t\t<\/div>\n\t\t\t\t<\/div>\n\t\t\t\t<\/div>\n\t\t\t\t<\/div>\n\t\t","protected":false},"excerpt":{"rendered":"<p>T\u00f6bb mint 20 \u00e9v tapasztalattal a vezet\u00e9si tan\u00e1csad\u00e1s \u00e9s pszichol\u00f3gia ter\u00fclet\u00e9n, strat\u00e9giai emberi er\u0151forr\u00e1s menedzsmentben, szerte Eur\u00f3p\u00e1ban \u00e9s a K\u00f6zel-Keleten dolgoztam. Tev\u00e9kenys\u00e9gem a felt\u00f6rekv\u0151 tehets\u00e9gekt\u0151l a magas szint\u0171 vezet\u0151kig terjed. Szem\u00e9lyre szabott fejleszt\u00e9si programokat tervezek, \u00e9s sz\u00e9les k\u00f6r\u0171 tehets\u00e9gmenedzsment feladatokkal foglalkozom, bele\u00e9rtve a teljes\u00edtm\u00e9ny\u00e9rt\u00e9kel\u00e9st \u00e9s a pszichometriai, 360 fokos \u00e9rt\u00e9kel\u00e9st. Tapasztalt pszichol\u00f3gusk\u00e9nt \u00e9s strat\u00e9giai tan\u00e1csad\u00f3k\u00e9nt&hellip;<\/p>\n","protected":false},"author":1,"featured_media":10791,"parent":0,"menu_order":0,"comment_status":"closed","ping_status":"closed","template":"","meta":{"footnotes":""},"class_list":["post-10840","page","type-page","status-publish","has-post-thumbnail","hentry"],"yoast_head":"<!-- This site is optimized with the Yoast SEO plugin v27.1.1 - https:\/\/yoast.com\/product\/yoast-seo-wordpress\/ -->\n<title>Leadership - S\u00e1rk\u00e1ny Anita Leadership szak\u00e9rt\u0151<\/title>\n<meta name=\"description\" content=\"Pszichol\u00f3gusk\u00e9nt \u00e9s strat\u00e9giai tan\u00e1csad\u00f3k\u00e9nt seg\u00edtek az egy\u00e9nek \u00e9s csapatok \u00fczleti \u00e9s \u00e9letbeli kih\u00edv\u00e1sait lek\u00fczdeni gyakorlati megold\u00e1sokkal.\" \/>\n<meta name=\"robots\" content=\"noindex, follow, max-snippet:-1, max-image-preview:large, max-video-preview:-1\" \/>\n<meta property=\"og:locale\" content=\"hu_HU\" \/>\n<meta property=\"og:type\" content=\"article\" \/>\n<meta property=\"og:title\" content=\"Leadership - S\u00e1rk\u00e1ny Anita Leadership szak\u00e9rt\u0151\" \/>\n<meta property=\"og:description\" content=\"Pszichol\u00f3gusk\u00e9nt \u00e9s strat\u00e9giai tan\u00e1csad\u00f3k\u00e9nt seg\u00edtek az egy\u00e9nek \u00e9s csapatok \u00fczleti \u00e9s \u00e9letbeli kih\u00edv\u00e1sait lek\u00fczdeni gyakorlati megold\u00e1sokkal.\" \/>\n<meta property=\"og:url\" content=\"https:\/\/staging.anitasarkany.com\/hu\/leadership\/\" \/>\n<meta property=\"og:site_name\" content=\"S\u00e1rk\u00e1ny Anita\" \/>\n<meta property=\"article:modified_time\" content=\"2024-04-22T14:14:48+00:00\" \/>\n<meta property=\"og:image\" content=\"https:\/\/staging.anitasarkany.com\/wp-content\/uploads\/2024\/03\/anita-sarkany-psychologist-leadarship-psychological-consultation-2.jpg\" \/>\n\t<meta property=\"og:image:width\" content=\"1000\" \/>\n\t<meta property=\"og:image:height\" content=\"800\" \/>\n\t<meta property=\"og:image:type\" content=\"image\/jpeg\" \/>\n<meta name=\"twitter:card\" content=\"summary_large_image\" \/>\n<meta name=\"twitter:label1\" content=\"Becs\u00fclt olvas\u00e1si id\u0151\" \/>\n\t<meta name=\"twitter:data1\" content=\"2 perc\" \/>\n<script type=\"application\/ld+json\" class=\"yoast-schema-graph\">{\"@context\":\"https:\/\/schema.org\",\"@graph\":[{\"@type\":\"WebPage\",\"@id\":\"https:\/\/staging.anitasarkany.com\/hu\/leadership\/\",\"url\":\"https:\/\/staging.anitasarkany.com\/hu\/leadership\/\",\"name\":\"Leadership - S\u00e1rk\u00e1ny Anita Leadership szak\u00e9rt\u0151\",\"isPartOf\":{\"@id\":\"https:\/\/staging.anitasarkany.com\/hu\/#website\"},\"primaryImageOfPage\":{\"@id\":\"https:\/\/staging.anitasarkany.com\/hu\/leadership\/#primaryimage\"},\"image\":{\"@id\":\"https:\/\/staging.anitasarkany.com\/hu\/leadership\/#primaryimage\"},\"thumbnailUrl\":\"https:\/\/staging.anitasarkany.com\/wp-content\/uploads\/2024\/03\/anita-sarkany-psychologist-leadarship-psychological-consultation-2.jpg\",\"datePublished\":\"2024-03-24T15:41:17+00:00\",\"dateModified\":\"2024-04-22T14:14:48+00:00\",\"description\":\"Pszichol\u00f3gusk\u00e9nt \u00e9s strat\u00e9giai tan\u00e1csad\u00f3k\u00e9nt seg\u00edtek az egy\u00e9nek \u00e9s csapatok \u00fczleti \u00e9s \u00e9letbeli kih\u00edv\u00e1sait lek\u00fczdeni gyakorlati megold\u00e1sokkal.\",\"breadcrumb\":{\"@id\":\"https:\/\/staging.anitasarkany.com\/hu\/leadership\/#breadcrumb\"},\"inLanguage\":\"hu\",\"potentialAction\":[{\"@type\":\"ReadAction\",\"target\":[\"https:\/\/staging.anitasarkany.com\/hu\/leadership\/\"]}]},{\"@type\":\"ImageObject\",\"inLanguage\":\"hu\",\"@id\":\"https:\/\/staging.anitasarkany.com\/hu\/leadership\/#primaryimage\",\"url\":\"https:\/\/staging.anitasarkany.com\/wp-content\/uploads\/2024\/03\/anita-sarkany-psychologist-leadarship-psychological-consultation-2.jpg\",\"contentUrl\":\"https:\/\/staging.anitasarkany.com\/wp-content\/uploads\/2024\/03\/anita-sarkany-psychologist-leadarship-psychological-consultation-2.jpg\",\"width\":1000,\"height\":800},{\"@type\":\"BreadcrumbList\",\"@id\":\"https:\/\/staging.anitasarkany.com\/hu\/leadership\/#breadcrumb\",\"itemListElement\":[{\"@type\":\"ListItem\",\"position\":1,\"name\":\"Home\",\"item\":\"https:\/\/staging.anitasarkany.com\/hu\/\"},{\"@type\":\"ListItem\",\"position\":2,\"name\":\"Leadership\"}]},{\"@type\":\"WebSite\",\"@id\":\"https:\/\/staging.anitasarkany.com\/hu\/#website\",\"url\":\"https:\/\/staging.anitasarkany.com\/hu\/\",\"name\":\"S\u00e1rk\u00e1ny Anita\",\"description\":\"My WordPress Blog\",\"publisher\":{\"@id\":\"https:\/\/staging.anitasarkany.com\/hu\/#organization\"},\"potentialAction\":[{\"@type\":\"SearchAction\",\"target\":{\"@type\":\"EntryPoint\",\"urlTemplate\":\"https:\/\/staging.anitasarkany.com\/hu\/?s={search_term_string}\"},\"query-input\":{\"@type\":\"PropertyValueSpecification\",\"valueRequired\":true,\"valueName\":\"search_term_string\"}}],\"inLanguage\":\"hu\"},{\"@type\":\"Organization\",\"@id\":\"https:\/\/staging.anitasarkany.com\/hu\/#organization\",\"name\":\"S\u00e1rk\u00e1ny Anita\",\"url\":\"https:\/\/staging.anitasarkany.com\/hu\/\",\"logo\":{\"@type\":\"ImageObject\",\"inLanguage\":\"hu\",\"@id\":\"https:\/\/staging.anitasarkany.com\/hu\/#\/schema\/logo\/image\/\",\"url\":\"https:\/\/staging.anitasarkany.com\/wp-content\/uploads\/2024\/03\/anita-sarkany-psychologist.png\",\"contentUrl\":\"https:\/\/staging.anitasarkany.com\/wp-content\/uploads\/2024\/03\/anita-sarkany-psychologist.png\",\"width\":277,\"height\":50,\"caption\":\"S\u00e1rk\u00e1ny Anita\"},\"image\":{\"@id\":\"https:\/\/staging.anitasarkany.com\/hu\/#\/schema\/logo\/image\/\"}}]}<\/script>\n<!-- \/ Yoast SEO plugin. -->","yoast_head_json":{"title":"Leadership - S\u00e1rk\u00e1ny Anita Leadership szak\u00e9rt\u0151","description":"Pszichol\u00f3gusk\u00e9nt \u00e9s strat\u00e9giai tan\u00e1csad\u00f3k\u00e9nt seg\u00edtek az egy\u00e9nek \u00e9s csapatok \u00fczleti \u00e9s \u00e9letbeli kih\u00edv\u00e1sait lek\u00fczdeni gyakorlati megold\u00e1sokkal.","robots":{"index":"noindex","follow":"follow","max-snippet":"max-snippet:-1","max-image-preview":"max-image-preview:large","max-video-preview":"max-video-preview:-1"},"og_locale":"hu_HU","og_type":"article","og_title":"Leadership - S\u00e1rk\u00e1ny Anita Leadership szak\u00e9rt\u0151","og_description":"Pszichol\u00f3gusk\u00e9nt \u00e9s strat\u00e9giai tan\u00e1csad\u00f3k\u00e9nt seg\u00edtek az egy\u00e9nek \u00e9s csapatok \u00fczleti \u00e9s \u00e9letbeli kih\u00edv\u00e1sait lek\u00fczdeni gyakorlati megold\u00e1sokkal.","og_url":"https:\/\/staging.anitasarkany.com\/hu\/leadership\/","og_site_name":"S\u00e1rk\u00e1ny Anita","article_modified_time":"2024-04-22T14:14:48+00:00","og_image":[{"width":1000,"height":800,"url":"https:\/\/staging.anitasarkany.com\/wp-content\/uploads\/2024\/03\/anita-sarkany-psychologist-leadarship-psychological-consultation-2.jpg","type":"image\/jpeg"}],"twitter_card":"summary_large_image","twitter_misc":{"Becs\u00fclt olvas\u00e1si id\u0151":"2 perc"},"schema":{"@context":"https:\/\/schema.org","@graph":[{"@type":"WebPage","@id":"https:\/\/staging.anitasarkany.com\/hu\/leadership\/","url":"https:\/\/staging.anitasarkany.com\/hu\/leadership\/","name":"Leadership - S\u00e1rk\u00e1ny Anita Leadership szak\u00e9rt\u0151","isPartOf":{"@id":"https:\/\/staging.anitasarkany.com\/hu\/#website"},"primaryImageOfPage":{"@id":"https:\/\/staging.anitasarkany.com\/hu\/leadership\/#primaryimage"},"image":{"@id":"https:\/\/staging.anitasarkany.com\/hu\/leadership\/#primaryimage"},"thumbnailUrl":"https:\/\/staging.anitasarkany.com\/wp-content\/uploads\/2024\/03\/anita-sarkany-psychologist-leadarship-psychological-consultation-2.jpg","datePublished":"2024-03-24T15:41:17+00:00","dateModified":"2024-04-22T14:14:48+00:00","description":"Pszichol\u00f3gusk\u00e9nt \u00e9s strat\u00e9giai tan\u00e1csad\u00f3k\u00e9nt seg\u00edtek az egy\u00e9nek \u00e9s csapatok \u00fczleti \u00e9s \u00e9letbeli kih\u00edv\u00e1sait lek\u00fczdeni gyakorlati megold\u00e1sokkal.","breadcrumb":{"@id":"https:\/\/staging.anitasarkany.com\/hu\/leadership\/#breadcrumb"},"inLanguage":"hu","potentialAction":[{"@type":"ReadAction","target":["https:\/\/staging.anitasarkany.com\/hu\/leadership\/"]}]},{"@type":"ImageObject","inLanguage":"hu","@id":"https:\/\/staging.anitasarkany.com\/hu\/leadership\/#primaryimage","url":"https:\/\/staging.anitasarkany.com\/wp-content\/uploads\/2024\/03\/anita-sarkany-psychologist-leadarship-psychological-consultation-2.jpg","contentUrl":"https:\/\/staging.anitasarkany.com\/wp-content\/uploads\/2024\/03\/anita-sarkany-psychologist-leadarship-psychological-consultation-2.jpg","width":1000,"height":800},{"@type":"BreadcrumbList","@id":"https:\/\/staging.anitasarkany.com\/hu\/leadership\/#breadcrumb","itemListElement":[{"@type":"ListItem","position":1,"name":"Home","item":"https:\/\/staging.anitasarkany.com\/hu\/"},{"@type":"ListItem","position":2,"name":"Leadership"}]},{"@type":"WebSite","@id":"https:\/\/staging.anitasarkany.com\/hu\/#website","url":"https:\/\/staging.anitasarkany.com\/hu\/","name":"S\u00e1rk\u00e1ny Anita","description":"My WordPress Blog","publisher":{"@id":"https:\/\/staging.anitasarkany.com\/hu\/#organization"},"potentialAction":[{"@type":"SearchAction","target":{"@type":"EntryPoint","urlTemplate":"https:\/\/staging.anitasarkany.com\/hu\/?s={search_term_string}"},"query-input":{"@type":"PropertyValueSpecification","valueRequired":true,"valueName":"search_term_string"}}],"inLanguage":"hu"},{"@type":"Organization","@id":"https:\/\/staging.anitasarkany.com\/hu\/#organization","name":"S\u00e1rk\u00e1ny Anita","url":"https:\/\/staging.anitasarkany.com\/hu\/","logo":{"@type":"ImageObject","inLanguage":"hu","@id":"https:\/\/staging.anitasarkany.com\/hu\/#\/schema\/logo\/image\/","url":"https:\/\/staging.anitasarkany.com\/wp-content\/uploads\/2024\/03\/anita-sarkany-psychologist.png","contentUrl":"https:\/\/staging.anitasarkany.com\/wp-content\/uploads\/2024\/03\/anita-sarkany-psychologist.png","width":277,"height":50,"caption":"S\u00e1rk\u00e1ny Anita"},"image":{"@id":"https:\/\/staging.anitasarkany.com\/hu\/#\/schema\/logo\/image\/"}}]}},"_links":{"self":[{"href":"https:\/\/staging.anitasarkany.com\/hu\/wp-json\/wp\/v2\/pages\/10840","targetHints":{"allow":["GET"]}}],"collection":[{"href":"https:\/\/staging.anitasarkany.com\/hu\/wp-json\/wp\/v2\/pages"}],"about":[{"href":"https:\/\/staging.anitasarkany.com\/hu\/wp-json\/wp\/v2\/types\/page"}],"author":[{"embeddable":true,"href":"https:\/\/staging.anitasarkany.com\/hu\/wp-json\/wp\/v2\/users\/1"}],"replies":[{"embeddable":true,"href":"https:\/\/staging.anitasarkany.com\/hu\/wp-json\/wp\/v2\/comments?post=10840"}],"version-history":[{"count":16,"href":"https:\/\/staging.anitasarkany.com\/hu\/wp-json\/wp\/v2\/pages\/10840\/revisions"}],"predecessor-version":[{"id":11050,"href":"https:\/\/staging.anitasarkany.com\/hu\/wp-json\/wp\/v2\/pages\/10840\/revisions\/11050"}],"wp:featuredmedia":[{"embeddable":true,"href":"https:\/\/staging.anitasarkany.com\/hu\/wp-json\/wp\/v2\/media\/10791"}],"wp:attachment":[{"href":"https:\/\/staging.anitasarkany.com\/hu\/wp-json\/wp\/v2\/media?parent=10840"}],"curies":[{"name":"wp","href":"https:\/\/api.w.org\/{rel}","templated":true}]}}